{"id":2,"date":"2016-05-10T03:48:21","date_gmt":"2016-05-10T03:48:21","guid":{"rendered":"http:\/\/los-gelassen.de\/?page_id=2"},"modified":"2018-06-14T15:37:08","modified_gmt":"2018-06-14T15:37:08","slug":"sample-page","status":"publish","type":"page","link":"https:\/\/los-gelassen.de\/?page_id=2","title":{"rendered":"Impressum"},"content":{"rendered":"<h2>Angaben gem\u00e4\u00df \u00a7 5 TMG:<\/h2>\n<p>Brigitte Hussak<\/p>\n<h3>Postanschrift:<\/h3>\n<p>Stocketfeld 25<br \/>\n86911 Die\u00dfen am Ammesee<\/p>\n<h3>Kontakt:<\/h3>\n<p>Telefon: 08807 9463106\u202c<br \/>\nE-Mail: brigitte@los-gelassen.de<\/p>\n<h3>Urheberrechtliche Hinweise<\/h3>\n<p>Logo Christina Riecken<\/p>\n<h3>Verantwortlich f\u00fcr journalistisch-redaktionelle Inhalte ist:<\/h3>\n<p>Brigitte Hussak (Anschrift siehe oben)<\/p>\n<p>Die Inhalte auf diesen Seiten sind urheberrechtlich gesch\u00fctzt. Sie k\u00f6nnen gerne auf diese Seite verweisen bzw. verlinken. Wenn Sie Inhalte in anderer Form weiterverbreiten wollen, nehmen Sie bitte vorher mit mir Kontakt auf. Danke.<\/p>\n<p>Datenschutzerkl\u00e4rung:<br \/>\nDurch die Nutzung der von mir eingestellten Seiten werden von mir keinerlei pers\u00f6nliche Daten erhoben, ben\u00f6tigt oder verarbeitet. Es erfolgt allerdings eine Datenverkehrsanalyse \u00fcber Google Analytics die ich statistisch auswerten k\u00f6nnte, keinesfalls aber personenbezogen. Inwieweit Google Inc. die Daten dar\u00fcber hinaus auswertet, kann ich nicht beurteilen.\u00a0 Sie haben die M\u00f6glichkeit durch entsprechende Erweiterungen Ihres Browsers die Erfassung durch Google Analytics zu unterbinden. Alle notwendigen Informationen dazu finden Sie in diesem\u00a0Wikipedia Artikel.<\/p>\n<p>Was mich betrifft, bleiben Sie\u00a0 anonym, solange sie nicht gezielt \u00fcber E-Mail mit mir Kontakt aufnehmen.\u00a0 Sollten Sie mir pers\u00f6nliche Daten zukommen lassen, werden diese vertraulich behandelt. Ich gebe keine pers\u00f6nlichen Daten weiter, es sei denn, dass ich rechtlich dazu verpflichtet bin. Ich weise jedoch darauf hin, dass es bei der \u00dcbermittlung von Daten im Internet, auch bei verschl\u00fcsselten Verbindungen, dazu kommen kann, dass Dritte die Daten zur Kenntnis nehmen oder verf\u00e4lschen.<\/p>\n<p>Durch die Verwendung von WordPress zur Erstellung dieser Seiten kann ich die Verwendung von Cookies nicht verhindern, die dieses System f\u00fcr seine Funktion braucht. Als &#8222;Cookies&#8220; werden Datenpakete bezeichnet, die der von Ihnen verwendete Browser im Auftrag der besuchten Website auf Ihrem Endger\u00e4t speichert. Diese Daten werden u.a. zur Steuerung der besuchten Website, aber auch zur\u00a0 Auswertung des Besucherverhaltens durch die Anbieter von Dienstleistungen (sprich: Google und Konsorten) genutzt. Wenn Sie also beim zweiten Besuch einer Website freundlich begr\u00fc\u00dft werden, liegt das an einem Cookie, in dem Ihr letzter Besuch vermerkt wurde. Wenn Sie das nicht wollen, k\u00f6nnen Sie Ihren Browser anweisen, beim Beenden des Programms alle gespeicherten Verlaufsdaten zu l\u00f6schen.<\/p>\n<p>Wenn Sie meine Seiten anzeigen, muss ich Ihre Zustimmung zur Verwendung von Cookies voraussetzen, weil auch ich &#8211; wie alle von uns &#8211; von den scheinbar kostenlosen Dienstleistungen profitieren.<\/p>\n<p>Sollten Sie \u00fcber ein soziales Netzwerk wie z.B. Google+ in Kontakt treten, gelten die f\u00fcr diese F\u00e4lle greifenden Datenschutzrichtlinien des jeweiligen Betreibers. Wenn Sie Bedenken haben,\u00a0 die Ihre Privatsph\u00e4re betreffen, informieren Sie sich bitte auf den vom jeweiligen Betreiber eingerichteten Seiten. Ich bin der Auffassung, dass in unserer Zeit nur solche Daten wirklich sicher sind, die au\u00dfer dem Betroffenen niemand kennt &#8211; aber eigentlich war das schon immer so.<\/p>\n","protected":false},"excerpt":{"rendered":"<p>Angaben gem\u00e4\u00df \u00a7 5 TMG: Brigitte Hussak Postanschrift: Stocketfeld 25 86911 Die\u00dfen am Ammesee Kontakt: Telefon: 08807 9463106\u202c E-Mail: brigitte@los-gelassen.de Urheberrechtliche Hinweise Logo Christina Riecken Verantwortlich f\u00fcr journalistisch-redaktionelle Inhalte ist: Brigitte Hussak (Anschrift siehe oben) Die Inhalte auf diesen Seiten sind urheberrechtlich gesch\u00fctzt. Sie k\u00f6nnen gerne auf diese Seite verweisen bzw. verlinken. Wenn Sie Inhalte&#8230;<\/p>\n","protected":false},"author":1,"featured_media":13,"parent":0,"menu_order":3,"comment_status":"closed","ping_status":"closed","template":"","meta":{"footnotes":""},"class_list":["post-2","page","type-page","status-publish","has-post-thumbnail","hentry"],"_links":{"self":[{"href":"https:\/\/los-gelassen.de\/index.php?rest_route=\/wp\/v2\/pages\/2","targetHints":{"allow":["GET"]}}],"collection":[{"href":"https:\/\/los-gelassen.de\/index.php?rest_route=\/wp\/v2\/pages"}],"about":[{"href":"https:\/\/los-gelassen.de\/index.php?rest_route=\/wp\/v2\/types\/page"}],"author":[{"embeddable":true,"href":"https:\/\/los-gelassen.de\/index.php?rest_route=\/wp\/v2\/users\/1"}],"replies":[{"embeddable":true,"href":"https:\/\/los-gelassen.de\/index.php?rest_route=%2Fwp%2Fv2%2Fcomments&post=2"}],"version-history":[{"count":8,"href":"https:\/\/los-gelassen.de\/index.php?rest_route=\/wp\/v2\/pages\/2\/revisions"}],"predecessor-version":[{"id":171,"href":"https:\/\/los-gelassen.de\/index.php?rest_route=\/wp\/v2\/pages\/2\/revisions\/171"}],"wp:featuredmedia":[{"embeddable":true,"href":"https:\/\/los-gelassen.de\/index.php?rest_route=\/wp\/v2\/media\/13"}],"wp:attachment":[{"href":"https:\/\/los-gelassen.de\/index.php?rest_route=%2Fwp%2Fv2%2Fmedia&parent=2"}],"curies":[{"name":"wp","href":"https:\/\/api.w.org\/{rel}","templated":true}]}}