{"id":23,"date":"2018-03-29T16:11:40","date_gmt":"2018-03-29T16:11:40","guid":{"rendered":"http:\/\/los-gelassen.de\/?page_id=23"},"modified":"2021-08-21T15:02:58","modified_gmt":"2021-08-21T15:02:58","slug":"ueber-mich-2","status":"publish","type":"page","link":"https:\/\/los-gelassen.de\/?page_id=23","title":{"rendered":"\u00dcber mich"},"content":{"rendered":"<p>Mein irdisches Leben begann 1944 in \u00d6sterreich und wird voraussichtlich in Bayern enden, wo ich seit mehr als 50 Jahren lebe. Bis es soweit ist, habe ich noch einiges vor. Das eine oder andere werde ich mit Dir, liebe Leserin, lieber Leser teilen. Denn was mich bewegt, ber\u00fchrt auch die meisten Menschen, die ich kenne.<br \/>\nSchreiben ist mein Element, angeboren, mitgebracht in dieses Leben, wer wei\u00df? Vielleicht fand deshalb mein gesamtes Berufsleben im Dunstkreis der Wortkreativit\u00e4t statt.<\/p>\n<p>Ich erinnere mich noch ganz genau: Als ich das &#8222;Licht der Welt&#8220; erblickte, da blickte &#8222;die Welt&#8220; auf mich und seufzte: &#8222;Mein Gott, woher kommt die denn?&#8220; &#8222;Mein Gott&#8220;\u00a0 das klang ja schon mal ganz gut und wurde zu einer Lebensbegleitung. Und woher ich komme? Was f\u00fcr eine Frage! Daher, woher wir alle kommen und wohin wir wieder zur\u00fcckkehren werden &#8211; eines Tages.<\/p>\n<p>Warum wurde ich in fortgeschrittenerem Alter zur &#8222;Bloggerin&#8220;? Einige Jahre schrieb ich f\u00fcr eine Zeitschrift mit esoterisch-spirituellen Inhalten. Sie existiert nicht mehr, was aber bleibt ist die Freude am Schreiben, die Lust mich mitzuteilen. Deshalb nutze ich auf diesem Weg die Gelegenheit, meinen Gedanken, Erfahrungen und Erkenntnissen \u00fcber &#8222;Gott und die Welt&#8220; Ausdruck zu verleihen und mit meinen Lesern zu teilen und vielleicht ins Gespr\u00e4ch zu kommen.<br \/>\nTiefgang, gemischt mit Fr\u00f6hlichkeit. Ihr werdet aber nicht erfahren, was ich heute gefr\u00fchst\u00fcckt habe und auf welcher Geburtstagsparty ich gestern war.<\/p>\n<p>Meine Blog-Adresse hat folgende Bedeutung:\u00a0 <em>&#8222;los-gelassen&#8220;<\/em>\u00a0 steht f\u00fcr Aufbruch, gelassen sein, loslassen wollen und losgelassen haben und\u00a0 &#8211;\u00a0 meine Texte auf Euch loslassen.<\/p>\n<p>Wenn Ihr bei neuen Beitr\u00e4gen benachrichtigt werden wollen, sendet hier eine <a href=\"mailto:blog_anmelden@los-gelassen.de\">E-Mail.<\/a><\/p>\n<p>Zum Abbestellen der Blog-Artikel sendet hier eine <a href=\"mailto:blog_abmelden@los-gelassen.de\">E-Mail.<\/a><\/p>\n","protected":false},"excerpt":{"rendered":"<p>Mein irdisches Leben begann 1944 in \u00d6sterreich und wird voraussichtlich in Bayern enden, wo ich seit mehr als 50 Jahren lebe. Bis es soweit ist, habe ich noch einiges vor. Das eine oder andere werde ich mit Dir, liebe Leserin, lieber Leser teilen. Denn was mich bewegt, ber\u00fchrt auch die meisten Menschen, die ich kenne&#8230;.<\/p>\n","protected":false},"author":1,"featured_media":260,"parent":0,"menu_order":0,"comment_status":"closed","ping_status":"closed","template":"","meta":{"footnotes":""},"class_list":["post-23","page","type-page","status-publish","has-post-thumbnail","hentry"],"_links":{"self":[{"href":"https:\/\/los-gelassen.de\/index.php?rest_route=\/wp\/v2\/pages\/23","targetHints":{"allow":["GET"]}}],"collection":[{"href":"https:\/\/los-gelassen.de\/index.php?rest_route=\/wp\/v2\/pages"}],"about":[{"href":"https:\/\/los-gelassen.de\/index.php?rest_route=\/wp\/v2\/types\/page"}],"author":[{"embeddable":true,"href":"https:\/\/los-gelassen.de\/index.php?rest_route=\/wp\/v2\/users\/1"}],"replies":[{"embeddable":true,"href":"https:\/\/los-gelassen.de\/index.php?rest_route=%2Fwp%2Fv2%2Fcomments&post=23"}],"version-history":[{"count":9,"href":"https:\/\/los-gelassen.de\/index.php?rest_route=\/wp\/v2\/pages\/23\/revisions"}],"predecessor-version":[{"id":788,"href":"https:\/\/los-gelassen.de\/index.php?rest_route=\/wp\/v2\/pages\/23\/revisions\/788"}],"wp:featuredmedia":[{"embeddable":true,"href":"https:\/\/los-gelassen.de\/index.php?rest_route=\/wp\/v2\/media\/260"}],"wp:attachment":[{"href":"https:\/\/los-gelassen.de\/index.php?rest_route=%2Fwp%2Fv2%2Fmedia&parent=23"}],"curies":[{"name":"wp","href":"https:\/\/api.w.org\/{rel}","templated":true}]}}